{"id":158,"date":"2025-03-18T17:40:10","date_gmt":"2025-03-18T17:40:10","guid":{"rendered":"https:\/\/development.libertywebstudio.com\/plantaeipmconsulting\/?page_id=158"},"modified":"2025-04-02T22:27:41","modified_gmt":"2025-04-02T22:27:41","slug":"pest-managment","status":"publish","type":"page","link":"https:\/\/plantaeipmconsulting.com\/es\/pest-managment\/","title":{"rendered":"Pest Managment"},"content":{"rendered":"\t\t<div data-elementor-type=\"wp-page\" data-elementor-id=\"158\" class=\"elementor elementor-158\" data-elementor-post-type=\"page\">\n\t\t\t\t\t\t<section class=\"elementor-section elementor-top-section elementor-element elementor-element-4adc3f0 elementor-section-height-min-height elementor-section-boxed elementor-section-height-default elementor-section-items-middle\" data-id=\"4adc3f0\" data-element_type=\"section\" data-settings=\"{&quot;background_background&quot;:&quot;classic&quot;}\">\n\t\t\t\t\t\t\t<div class=\"elementor-background-overlay\"><\/div>\n\t\t\t\t\t\t\t<div class=\"elementor-container elementor-column-gap-default\">\n\t\t\t\t\t<div class=\"elementor-column elementor-col-100 elementor-top-column elementor-element elementor-element-3fe6fef\" data-id=\"3fe6fef\" data-element_type=\"column\">\n\t\t\t<div class=\"elementor-widget-wrap\">\n\t\t\t\t\t\t\t<\/div>\n\t\t<\/div>\n\t\t\t\t\t<\/div>\n\t\t<\/section>\n\t\t\t\t<section class=\"elementor-section elementor-top-section elementor-element elementor-element-7a3571a elementor-section-content-middle elementor-section-boxed elementor-section-height-default elementor-section-height-default\" data-id=\"7a3571a\" data-element_type=\"section\" data-settings=\"{&quot;background_background&quot;:&quot;classic&quot;}\">\n\t\t\t\t\t\t<div class=\"elementor-container elementor-column-gap-default\">\n\t\t\t\t\t<div class=\"elementor-column elementor-col-50 elementor-top-column elementor-element elementor-element-d9ee4aa\" data-id=\"d9ee4aa\" data-element_type=\"column\">\n\t\t\t<div class=\"elementor-widget-wrap elementor-element-populated\">\n\t\t\t\t\t\t<div class=\"elementor-element elementor-element-efea7f1 elementor-widget elementor-widget-heading\" data-id=\"efea7f1\" data-element_type=\"widget\" data-widget_type=\"heading.default\">\n\t\t\t\t<div class=\"elementor-widget-container\">\n\t\t\t\t\t<h2 class=\"elementor-heading-title elementor-size-default\">Manejo Integrado de Plagas <span style=\"color: #194313\"> (MIP)<\/span><\/h2>\t\t\t\t<\/div>\n\t\t\t\t<\/div>\n\t\t\t\t<div class=\"elementor-element elementor-element-ae44409 elementor-widget elementor-widget-text-editor\" data-id=\"ae44409\" data-element_type=\"widget\" data-widget_type=\"text-editor.default\">\n\t\t\t\t<div class=\"elementor-widget-container\">\n\t\t\t\t\t\t\t\t\tEl manejo de plagas en la agricultura implica estrategias para controlar, prevenir y mitigar las plagas que amenazan los cultivos, con el objetivo de reducir las p\u00e9rdidas econ\u00f3micas, proteger la salud de las plantas y minimizar el impacto ambiental, garantizando al mismo tiempo el cumplimiento normativo. El objetivo es mantener las poblaciones de plagas por debajo de niveles perjudiciales, preservando la sostenibilidad y el equilibrio ecol\u00f3gico. El Manejo Integrado de Plagas (MIP) logra esto combinando m\u00e9todos biol\u00f3gicos, culturales, mec\u00e1nicos y qu\u00edmicos para un control de plagas eficaz y ambientalmente responsable.\t\t\t\t\t\t\t\t<\/div>\n\t\t\t\t<\/div>\n\t\t\t\t<div class=\"elementor-element elementor-element-cf408a8 elementor-widget elementor-widget-text-editor\" data-id=\"cf408a8\" data-element_type=\"widget\" data-widget_type=\"text-editor.default\">\n\t\t\t\t<div class=\"elementor-widget-container\">\n\t\t\t\t\t\t\t\t\t<div><b><span>Control biol\u00f3gico<\/span><\/b><span>\u00a0: uso de depredadores naturales, par\u00e1sitos o pat\u00f3genos para controlar las poblaciones de plagas.<\/span><\/div><div><b><span>Control qu\u00edmico<\/span><\/b><span>\u00a0: aplicaci\u00f3n selectiva de pesticidas o biopesticidas para controlar las poblaciones de plagas y minimizar la resistencia y el da\u00f1o ambiental.<\/span><\/div><div><b><span>Control cultural<\/span><\/b><span>\u00a0: Modificaci\u00f3n de pr\u00e1cticas agr\u00edcolas o ambientales (por ejemplo, rotaci\u00f3n de cultivos, saneamiento, variedades de plantas resistentes) para reducir los brotes de plagas.<\/span><\/div><div><b><span>Control mec\u00e1nico y f\u00edsico<\/span><\/b><span>\u00a0: uso de barreras, trampas, recolecci\u00f3n manual o tratamientos de temperatura para eliminar o excluir plagas.<\/span><\/div><div><b><span>Medidas regulatorias y preventivas<\/span><\/b><span>\u00a0: Implementar regulaciones de cuarentena, programas de monitoreo y certificaci\u00f3n libre de plagas para prevenir la introducci\u00f3n y propagaci\u00f3n de plagas.<\/span><\/div>\t\t\t\t\t\t\t\t<\/div>\n\t\t\t\t<\/div>\n\t\t\t\t\t<\/div>\n\t\t<\/div>\n\t\t\t\t<div class=\"elementor-column elementor-col-50 elementor-top-column elementor-element elementor-element-e7ad79c\" data-id=\"e7ad79c\" data-element_type=\"column\">\n\t\t\t<div class=\"elementor-widget-wrap elementor-element-populated\">\n\t\t\t\t\t\t<div class=\"elementor-element elementor-element-73412dd elementor-widget elementor-widget-image\" data-id=\"73412dd\" data-element_type=\"widget\" data-settings=\"{&quot;sticky&quot;:&quot;top&quot;,&quot;sticky_parent&quot;:&quot;yes&quot;,&quot;sticky_on&quot;:[&quot;desktop&quot;,&quot;tablet&quot;,&quot;mobile&quot;],&quot;sticky_offset&quot;:0,&quot;sticky_effects_offset&quot;:0,&quot;sticky_anchor_link_offset&quot;:0}\" data-widget_type=\"image.default\">\n\t\t\t\t<div class=\"elementor-widget-container\">\n\t\t\t\t\t\t\t\t\t\t\t\t\t\t\t<img fetchpriority=\"high\" decoding=\"async\" width=\"802\" height=\"810\" src=\"https:\/\/plantaeipmconsulting.com\/es\/wp-content\/uploads\/2025\/03\/Group-276.png\" class=\"attachment-full size-full wp-image-660\" alt=\"\" srcset=\"https:\/\/plantaeipmconsulting.com\/es\/wp-content\/uploads\/2025\/03\/Group-276.png 802w, https:\/\/plantaeipmconsulting.com\/es\/wp-content\/uploads\/2025\/03\/Group-276-297x300.png 297w, https:\/\/plantaeipmconsulting.com\/es\/wp-content\/uploads\/2025\/03\/Group-276-150x150.png 150w, https:\/\/plantaeipmconsulting.com\/es\/wp-content\/uploads\/2025\/03\/Group-276-768x776.png 768w\" sizes=\"(max-width: 802px) 100vw, 802px\" \/>\t\t\t\t\t\t\t\t\t\t\t\t\t\t\t<\/div>\n\t\t\t\t<\/div>\n\t\t\t\t\t<\/div>\n\t\t<\/div>\n\t\t\t\t\t<\/div>\n\t\t<\/section>\n\t\t\t\t<\/div>\n\t\t","protected":false},"excerpt":{"rendered":"<p>Manejo Integrado de Plagas (MIP) El manejo de plagas en la agricultura implica estrategias para controlar, prevenir y mitigar las [&hellip;]<\/p>\n","protected":false},"author":1,"featured_media":0,"parent":0,"menu_order":0,"comment_status":"closed","ping_status":"closed","template":"elementor_header_footer","meta":{"site-sidebar-layout":"no-sidebar","site-content-layout":"","ast-site-content-layout":"full-width-container","site-content-style":"default","site-sidebar-style":"default","ast-global-header-display":"","ast-banner-title-visibility":"","ast-main-header-display":"","ast-hfb-above-header-display":"","ast-hfb-below-header-display":"","ast-hfb-mobile-header-display":"","site-post-title":"disabled","ast-breadcrumbs-content":"","ast-featured-img":"disabled","footer-sml-layout":"","theme-transparent-header-meta":"","adv-header-id-meta":"","stick-header-meta":"","header-above-stick-meta":"","header-main-stick-meta":"","header-below-stick-meta":"","astra-migrate-meta-layouts":"default","ast-page-background-enabled":"default","ast-page-background-meta":{"desktop":{"background-color":"var(--ast-global-color-5)","background-image":"","background-repeat":"repeat","background-position":"center center","background-size":"auto","background-attachment":"scroll","background-type":"","background-media":"","overlay-type":"","overlay-color":"","overlay-opacity":"","overlay-gradient":""},"tablet":{"background-color":"","background-image":"","background-repeat":"repeat","background-position":"center center","background-size":"auto","background-attachment":"scroll","background-type":"","background-media":"","overlay-type":"","overlay-color":"","overlay-opacity":"","overlay-gradient":""},"mobile":{"background-color":"","background-image":"","background-repeat":"repeat","background-position":"center center","background-size":"auto","background-attachment":"scroll","background-type":"","background-media":"","overlay-type":"","overlay-color":"","overlay-opacity":"","overlay-gradient":""}},"ast-content-background-meta":{"desktop":{"background-color":"var(--ast-global-color-4)","background-image":"","background-repeat":"repeat","background-position":"center center","background-size":"auto","background-attachment":"scroll","background-type":"","background-media":"","overlay-type":"","overlay-color":"","overlay-opacity":"","overlay-gradient":""},"tablet":{"background-color":"var(--ast-global-color-4)","background-image":"","background-repeat":"repeat","background-position":"center center","background-size":"auto","background-attachment":"scroll","background-type":"","background-media":"","overlay-type":"","overlay-color":"","overlay-opacity":"","overlay-gradient":""},"mobile":{"background-color":"var(--ast-global-color-4)","background-image":"","background-repeat":"repeat","background-position":"center center","background-size":"auto","background-attachment":"scroll","background-type":"","background-media":"","overlay-type":"","overlay-color":"","overlay-opacity":"","overlay-gradient":""}},"footnotes":""},"class_list":["post-158","page","type-page","status-publish","hentry"],"_links":{"self":[{"href":"https:\/\/plantaeipmconsulting.com\/es\/wp-json\/wp\/v2\/pages\/158","targetHints":{"allow":["GET"]}}],"collection":[{"href":"https:\/\/plantaeipmconsulting.com\/es\/wp-json\/wp\/v2\/pages"}],"about":[{"href":"https:\/\/plantaeipmconsulting.com\/es\/wp-json\/wp\/v2\/types\/page"}],"author":[{"embeddable":true,"href":"https:\/\/plantaeipmconsulting.com\/es\/wp-json\/wp\/v2\/users\/1"}],"replies":[{"embeddable":true,"href":"https:\/\/plantaeipmconsulting.com\/es\/wp-json\/wp\/v2\/comments?post=158"}],"version-history":[{"count":55,"href":"https:\/\/plantaeipmconsulting.com\/es\/wp-json\/wp\/v2\/pages\/158\/revisions"}],"predecessor-version":[{"id":1012,"href":"https:\/\/plantaeipmconsulting.com\/es\/wp-json\/wp\/v2\/pages\/158\/revisions\/1012"}],"wp:attachment":[{"href":"https:\/\/plantaeipmconsulting.com\/es\/wp-json\/wp\/v2\/media?parent=158"}],"curies":[{"name":"wp","href":"https:\/\/api.w.org\/{rel}","templated":true}]}}