{"id":154,"date":"2025-03-18T17:38:56","date_gmt":"2025-03-18T17:38:56","guid":{"rendered":"https:\/\/development.libertywebstudio.com\/plantaeipmconsulting\/?page_id=154"},"modified":"2025-04-02T22:26:53","modified_gmt":"2025-04-02T22:26:53","slug":"about","status":"publish","type":"page","link":"https:\/\/plantaeipmconsulting.com\/es\/about\/","title":{"rendered":"About"},"content":{"rendered":"\t\t<div data-elementor-type=\"wp-page\" data-elementor-id=\"154\" class=\"elementor elementor-154\" data-elementor-post-type=\"page\">\n\t\t\t\t\t\t<section class=\"elementor-section elementor-top-section elementor-element elementor-element-a167dfa elementor-section-height-min-height elementor-section-boxed elementor-section-height-default elementor-section-items-middle\" data-id=\"a167dfa\" data-element_type=\"section\" data-settings=\"{&quot;background_background&quot;:&quot;classic&quot;}\">\n\t\t\t\t\t\t\t<div class=\"elementor-background-overlay\"><\/div>\n\t\t\t\t\t\t\t<div class=\"elementor-container elementor-column-gap-default\">\n\t\t\t\t\t<div class=\"elementor-column elementor-col-100 elementor-top-column elementor-element elementor-element-25ce0df\" data-id=\"25ce0df\" data-element_type=\"column\">\n\t\t\t<div class=\"elementor-widget-wrap\">\n\t\t\t\t\t\t\t<\/div>\n\t\t<\/div>\n\t\t\t\t\t<\/div>\n\t\t<\/section>\n\t\t\t\t<section class=\"elementor-section elementor-top-section elementor-element elementor-element-3d2c2a7 elementor-section-content-middle elementor-section-boxed elementor-section-height-default elementor-section-height-default\" data-id=\"3d2c2a7\" data-element_type=\"section\" data-settings=\"{&quot;background_background&quot;:&quot;classic&quot;}\">\n\t\t\t\t\t\t<div class=\"elementor-container elementor-column-gap-default\">\n\t\t\t\t\t<div class=\"elementor-column elementor-col-100 elementor-top-column elementor-element elementor-element-fbc61af\" data-id=\"fbc61af\" data-element_type=\"column\">\n\t\t\t<div class=\"elementor-widget-wrap elementor-element-populated\">\n\t\t\t\t\t\t<section class=\"elementor-section elementor-inner-section elementor-element elementor-element-719210d elementor-section-content-middle elementor-hidden-desktop elementor-hidden-tablet elementor-hidden-mobile elementor-section-boxed elementor-section-height-default elementor-section-height-default\" data-id=\"719210d\" data-element_type=\"section\" id=\"about1\">\n\t\t\t\t\t\t\t<div class=\"elementor-background-overlay\"><\/div>\n\t\t\t\t\t\t\t<div class=\"elementor-container elementor-column-gap-no\">\n\t\t\t\t\t<div class=\"elementor-column elementor-col-50 elementor-inner-column elementor-element elementor-element-3977095\" data-id=\"3977095\" data-element_type=\"column\">\n\t\t\t<div class=\"elementor-widget-wrap elementor-element-populated\">\n\t\t\t\t\t\t<div class=\"elementor-element elementor-element-4681741 elementor-invisible elementor-widget elementor-widget-button\" data-id=\"4681741\" data-element_type=\"widget\" data-settings=\"{&quot;_animation&quot;:&quot;rotateIn&quot;}\" data-widget_type=\"button.default\">\n\t\t\t\t<div class=\"elementor-widget-container\">\n\t\t\t\t\t\t\t\t\t<div class=\"elementor-button-wrapper\">\n\t\t\t\t\t<a class=\"elementor-button elementor-size-sm\" role=\"button\">\n\t\t\t\t\t\t<span class=\"elementor-button-content-wrapper\">\n\t\t\t\t\t\t\t\t\t<span class=\"elementor-button-text\">about us<\/span>\n\t\t\t\t\t<\/span>\n\t\t\t\t\t<\/a>\n\t\t\t\t<\/div>\n\t\t\t\t\t\t\t\t<\/div>\n\t\t\t\t<\/div>\n\t\t\t\t<div class=\"elementor-element elementor-element-e1d7db3 elementor-invisible elementor-widget elementor-widget-heading\" data-id=\"e1d7db3\" data-element_type=\"widget\" data-settings=\"{&quot;_animation&quot;:&quot;fadeInLeft&quot;}\" data-widget_type=\"heading.default\">\n\t\t\t\t<div class=\"elementor-widget-container\">\n\t\t\t\t\t<h2 class=\"elementor-heading-title elementor-size-default\">our <span style=\"color: #194313\"> mission<\/span><\/h2>\t\t\t\t<\/div>\n\t\t\t\t<\/div>\n\t\t\t\t<div class=\"elementor-element elementor-element-06967b4 elementor-widget__width-initial elementor-widget elementor-widget-text-editor\" data-id=\"06967b4\" data-element_type=\"widget\" data-widget_type=\"text-editor.default\">\n\t\t\t\t<div class=\"elementor-widget-container\">\n\t\t\t\t\t\t\t\t\t<div>PLANTAE IPM is a specialized consulting firm providing integrated pest management (IPM) solutions that optimize plant health and reduce pest and disease risk. With extensive expertise in both\u00a0<b><u>ornamental horticulture<\/u><\/b>\u00a0and\u00a0<b><u>large-scale cannabis production<\/u><\/b>, we deliver sustainable, science-based strategies that ensure regulatory compliance and long-term success for cultivators.<br \/><br \/><\/div><div>Our approach combines environmental monitoring, optimized scouting protocols and targeted pesticide applications compatible with biological controls to create custom, data-informed IPM programs.<\/div>\t\t\t\t\t\t\t\t<\/div>\n\t\t\t\t<\/div>\n\t\t\t\t\t<\/div>\n\t\t<\/div>\n\t\t\t\t<div class=\"elementor-column elementor-col-50 elementor-inner-column elementor-element elementor-element-57bcce1\" data-id=\"57bcce1\" data-element_type=\"column\">\n\t\t\t<div class=\"elementor-widget-wrap elementor-element-populated\">\n\t\t\t\t\t\t<div class=\"elementor-element elementor-element-dcd5d5a elementor-invisible elementor-widget elementor-widget-image\" data-id=\"dcd5d5a\" data-element_type=\"widget\" data-settings=\"{&quot;_animation&quot;:&quot;fadeInRight&quot;}\" data-widget_type=\"image.default\">\n\t\t\t\t<div class=\"elementor-widget-container\">\n\t\t\t\t\t\t\t\t\t\t\t\t\t\t\t<img fetchpriority=\"high\" decoding=\"async\" width=\"802\" height=\"810\" src=\"https:\/\/plantaeipmconsulting.com\/es\/wp-content\/uploads\/2025\/03\/Group-230-1.png\" class=\"elementor-animation-sink attachment-full size-full wp-image-175\" alt=\"\" srcset=\"https:\/\/plantaeipmconsulting.com\/es\/wp-content\/uploads\/2025\/03\/Group-230-1.png 802w, https:\/\/plantaeipmconsulting.com\/es\/wp-content\/uploads\/2025\/03\/Group-230-1-297x300.png 297w, https:\/\/plantaeipmconsulting.com\/es\/wp-content\/uploads\/2025\/03\/Group-230-1-150x150.png 150w, https:\/\/plantaeipmconsulting.com\/es\/wp-content\/uploads\/2025\/03\/Group-230-1-768x776.png 768w\" sizes=\"(max-width: 802px) 100vw, 802px\" \/>\t\t\t\t\t\t\t\t\t\t\t\t\t\t\t<\/div>\n\t\t\t\t<\/div>\n\t\t\t\t\t<\/div>\n\t\t<\/div>\n\t\t\t\t\t<\/div>\n\t\t<\/section>\n\t\t\t\t<section class=\"elementor-section elementor-inner-section elementor-element elementor-element-1459ef3 elementor-reverse-tablet elementor-reverse-mobile elementor-section-boxed elementor-section-height-default elementor-section-height-default\" data-id=\"1459ef3\" data-element_type=\"section\" id=\"about2\">\n\t\t\t\t\t\t\t<div class=\"elementor-background-overlay\"><\/div>\n\t\t\t\t\t\t\t<div class=\"elementor-container elementor-column-gap-no\">\n\t\t\t\t\t<div class=\"elementor-column elementor-col-50 elementor-inner-column elementor-element elementor-element-239fcdd\" data-id=\"239fcdd\" data-element_type=\"column\">\n\t\t\t<div class=\"elementor-widget-wrap elementor-element-populated\">\n\t\t\t\t\t\t<div class=\"elementor-element elementor-element-076632a elementor-widget__width-initial elementor-widget elementor-widget-image\" data-id=\"076632a\" data-element_type=\"widget\" data-widget_type=\"image.default\">\n\t\t\t\t<div class=\"elementor-widget-container\">\n\t\t\t\t\t\t\t\t\t\t\t\t\t\t\t<img decoding=\"async\" width=\"640\" height=\"399\" src=\"https:\/\/plantaeipmconsulting.com\/es\/wp-content\/uploads\/2025\/03\/IMG_7124.jpg\" class=\"attachment-full size-full wp-image-772\" alt=\"\" srcset=\"https:\/\/plantaeipmconsulting.com\/es\/wp-content\/uploads\/2025\/03\/IMG_7124.jpg 640w, https:\/\/plantaeipmconsulting.com\/es\/wp-content\/uploads\/2025\/03\/IMG_7124-300x187.jpg 300w\" sizes=\"(max-width: 640px) 100vw, 640px\" \/>\t\t\t\t\t\t\t\t\t\t\t\t\t\t\t<\/div>\n\t\t\t\t<\/div>\n\t\t\t\t\t<\/div>\n\t\t<\/div>\n\t\t\t\t<div class=\"elementor-column elementor-col-50 elementor-inner-column elementor-element elementor-element-23f6383\" data-id=\"23f6383\" data-element_type=\"column\">\n\t\t\t<div class=\"elementor-widget-wrap elementor-element-populated\">\n\t\t\t\t\t\t<div class=\"elementor-element elementor-element-5cde30c elementor-hidden-desktop elementor-hidden-tablet elementor-hidden-mobile elementor-invisible elementor-widget elementor-widget-heading\" data-id=\"5cde30c\" data-element_type=\"widget\" data-settings=\"{&quot;_animation&quot;:&quot;fadeInRight&quot;}\" data-widget_type=\"heading.default\">\n\t\t\t\t<div class=\"elementor-widget-container\">\n\t\t\t\t\t<h2 class=\"elementor-heading-title elementor-size-default\">About  our <span style=\"color: #194313\"> founder<\/span><\/h2>\t\t\t\t<\/div>\n\t\t\t\t<\/div>\n\t\t\t\t<div class=\"elementor-element elementor-element-62637ff elementor-hidden-desktop elementor-hidden-tablet elementor-hidden-mobile elementor-invisible elementor-widget elementor-widget-heading\" data-id=\"62637ff\" data-element_type=\"widget\" data-settings=\"{&quot;_animation&quot;:&quot;fadeInRight&quot;}\" data-widget_type=\"heading.default\">\n\t\t\t\t<div class=\"elementor-widget-container\">\n\t\t\t\t\t<h4 class=\"elementor-heading-title elementor-size-default\">jose perez  <span style=\"color: #194313\"> martinez <\/span>.<\/h4>\t\t\t\t<\/div>\n\t\t\t\t<\/div>\n\t\t\t\t<div class=\"elementor-element elementor-element-ebe9532 elementor-widget elementor-widget-text-editor\" data-id=\"ebe9532\" data-element_type=\"widget\" data-widget_type=\"text-editor.default\">\n\t\t\t\t<div class=\"elementor-widget-container\">\n\t\t\t\t\t\t\t\t\t<p><span style=\"color: #000000;\">Nuestro fundador, Jos\u00e9 P\u00e9rez-Mart\u00ednez, posee 26 a\u00f1os de experiencia en Micolog\u00eda, Fitopatolog\u00eda e Investigaci\u00f3n y Desarrollo, con una s\u00f3lida trayectoria en la gesti\u00f3n de programas de Manejo Integrado de Plagas (MIP). Licenciado en Ciencias Biol\u00f3gicas y con una Maestr\u00eda en Bot\u00e1nica con especializaci\u00f3n en Micolog\u00eda, Jos\u00e9 cuenta con un profundo conocimiento en sanidad vegetal, manejo de enfermedades y estrategias sostenibles de control de plagas. Ha publicado m\u00e1s de 20 art\u00edculos cient\u00edficos en revistas nacionales e internacionales en las \u00e1reas de micolog\u00eda y fitopatolog\u00eda.<\/span><\/p><div><p><span style=\"color: #000000;\">Jos\u00e9 ha liderado programas de MIP a gran escala, coordinando actividades clave como el monitoreo de plagas, la aplicaci\u00f3n de pesticidas y la capacitaci\u00f3n del personal, todo bajo estricto cumplimiento de las regulaciones federales y estatales.<\/span><br \/><span style=\"color: #000000;\"><div class='yrm-content yrm-content-1 yrm-content-hide  ' id='yrm-QawKG' data-id='1' data-show-status='false' data-after-action='' style=\"visibility: hidden;height: 0;\">\n\t\t\t<div id='yrm-inner-content-yrm-QawKG' class='yrm-inner-content-wrapper yrm-cntent-1'><\/span><\/p><div><p><span style=\"color: #000000;\">Jos\u00e9, exgerente de MIP de una empresa l\u00edder mundial de cannabis, supervis\u00f3 m\u00e1s de 200,000 pies cuadrados de cultivo en Florida y desarroll\u00f3 directrices de MIP para 19 sitios de cultivo en 13 estados de Estados Unidos.<\/span><\/p><div><span style=\"color: #000000;\">Su experiencia tambi\u00e9n abarca la gesti\u00f3n de un vivero de 121 hect\u00e1reas con m\u00e1s de 700 variedades ornamentales en Florida, donde implement\u00f3 estrategias integradas que combinan pesticidas aprobados, control biol\u00f3gico y modelos predictivos para el manejo proactivo de plagas y enfermedades. Adem\u00e1s, se desempe\u00f1\u00f3 como Gerente Cient\u00edfico en la Cl\u00ednica de Diagn\u00f3stico de Plantas del TREC\u2013Universidad de Florida, ofreciendo servicios de diagn\u00f3stico y manejo a productores comerciales y particulares.<\/span><\/div><\/div><\/div><p><span style=\"color: #000000;\"><\/div>\n\t\t<\/div><div class='yrm-btn-wrapper yrm-btn-wrapper-1 yrm-more-button-wrapper  '\n\t\tdata-custom-more-class-name='' data-custom-less-class-name=''><span title='' data-less-title='' data-more-title='' class='yrm-toggle-expand  yrm-toggle-expand-1 ' data-rel='yrm-QawKG' data-more='Leer M\u00e1s' data-less='Leer Menos'><span class='yrm-text-wrapper yrm-text-wrapper-custom-dimensions'><span class=\"yrm-button-text-1 yrm-button-text-span\">Leer M\u00e1s<\/span><\/span><\/span><\/div><\/span><\/p>\t\t\t\t\t\t\t\t<\/div>\n\t\t\t\t<\/div>\n\t\t\t\t\t<\/div>\n\t\t<\/div>\n\t\t\t\t\t<\/div>\n\t\t<\/section>\n\t\t\t\t<section class=\"elementor-section elementor-inner-section elementor-element elementor-element-8e85132 elementor-section-content-middle elementor-section-boxed elementor-section-height-default elementor-section-height-default\" data-id=\"8e85132\" data-element_type=\"section\" id=\"about3\">\n\t\t\t\t\t\t\t<div class=\"elementor-background-overlay\"><\/div>\n\t\t\t\t\t\t\t<div class=\"elementor-container elementor-column-gap-no\">\n\t\t\t\t\t<div class=\"elementor-column elementor-col-50 elementor-inner-column elementor-element elementor-element-4f5bfa6\" data-id=\"4f5bfa6\" data-element_type=\"column\">\n\t\t\t<div class=\"elementor-widget-wrap elementor-element-populated\">\n\t\t\t\t\t\t<div class=\"elementor-element elementor-element-f12e406 elementor-widget elementor-widget-heading\" data-id=\"f12e406\" data-element_type=\"widget\" data-widget_type=\"heading.default\">\n\t\t\t\t<div class=\"elementor-widget-container\">\n\t\t\t\t\t<h2 class=\"elementor-heading-title elementor-size-default\">\u00bfPor qu\u00e9 <span style=\"color: #194313\">elegirnos?<\/span><\/h2>\t\t\t\t<\/div>\n\t\t\t\t<\/div>\n\t\t\t\t<div class=\"elementor-element elementor-element-1fa9e34 elementor-widget__width-initial elementor-widget elementor-widget-text-editor\" data-id=\"1fa9e34\" data-element_type=\"widget\" data-widget_type=\"text-editor.default\">\n\t\t\t\t<div class=\"elementor-widget-container\">\n\t\t\t\t\t\t\t\t\t<p><span>Ofrecemos\u00a0\u00a0<\/span><b data-stringify-type=\"bold\"><span>recomendaciones de MIP personalizadas y basadas en la ciencia<\/span><\/b><span>\u00a0\u00a0para proteger sus cultivos, garantizando al mismo tiempo la sostenibilidad y el cumplimiento normativo. Nuestra experiencia en\u00a0\u00a0<\/span><b data-stringify-type=\"bold\"><span>diagn\u00f3stico de plagas, control biol\u00f3gico y estrategias ecol\u00f3gicas<\/span><\/b><span>\u00a0\u00a0ayuda a los agricultores\u00a0\u00a0<\/span><b data-stringify-type=\"bold\"><span>a minimizar el uso de pesticidas, maximizar el rendimiento y mantener cultivos saludables<\/span><\/b><span>\u00a0.<\/span><\/p>\t\t\t\t\t\t\t\t<\/div>\n\t\t\t\t<\/div>\n\t\t\t\t<div class=\"elementor-element elementor-element-e80ebe0 elementor-widget__width-initial elementor-widget elementor-widget-text-editor\" data-id=\"e80ebe0\" data-element_type=\"widget\" data-widget_type=\"text-editor.default\">\n\t\t\t\t<div class=\"elementor-widget-container\">\n\t\t\t\t\t\t\t\t\t<p><b data-stringify-type=\"bold\"><span><span class=\"\">Programas de MIP a la medida<\/span><\/span><\/b><span><span class=\"\">\u00a0: Estrategias personalizadas dise\u00f1adas para sus condiciones de cultivo espec\u00edficas.<\/span><\/span><br \/><b data-stringify-type=\"bold\"><span><span class=\"\">Diagn\u00f3stico y prevenci\u00f3n expertos<\/span><\/span><\/b><span><span class=\"\">\u00a0: Identificaci\u00f3n avanzada de plagas y enfermedades para un manejo proactivo.<\/span><\/span><br \/><b data-stringify-type=\"bold\"><span><span class=\"\">Soluciones sostenibles y ecol\u00f3gicas<\/span><\/span><\/b><span><span class=\"\">\u00a0: Enfocadas en reducir la dependencia de pesticidas y promover el control biol\u00f3gico.<\/span><\/span><br \/><b data-stringify-type=\"bold\"><span><span class=\"\">Garant\u00eda de cumplimiento normativo<\/span><\/span><\/b><span><span class=\"\">\u00a0: Garantizando el cumplimiento de las normas de la industria y las regulaciones agr\u00edcolas.<\/span><\/span><br \/><b data-stringify-type=\"bold\"><span><span class=\"\">Trayectoria comprobada<\/span><\/span><\/b><span><span class=\"\">\u00a0: A\u00f1os de experiencia apoyando a productores comerciales con soluciones efectivas de manejo de plagas.<\/span><\/span><\/p>\t\t\t\t\t\t\t\t<\/div>\n\t\t\t\t<\/div>\n\t\t\t\t\t<\/div>\n\t\t<\/div>\n\t\t\t\t<div class=\"elementor-column elementor-col-50 elementor-inner-column elementor-element elementor-element-2ba9dee\" data-id=\"2ba9dee\" data-element_type=\"column\">\n\t\t\t<div class=\"elementor-widget-wrap elementor-element-populated\">\n\t\t\t\t\t\t<div class=\"elementor-element elementor-element-06c18f3 elementor-widget__width-initial elementor-widget elementor-widget-image\" data-id=\"06c18f3\" data-element_type=\"widget\" data-widget_type=\"image.default\">\n\t\t\t\t<div class=\"elementor-widget-container\">\n\t\t\t\t\t\t\t\t\t\t\t\t\t\t\t<img decoding=\"async\" width=\"755\" height=\"763\" src=\"https:\/\/plantaeipmconsulting.com\/es\/wp-content\/uploads\/2025\/03\/Group-204-1.png\" class=\"attachment-full size-full wp-image-290\" alt=\"\" srcset=\"https:\/\/plantaeipmconsulting.com\/es\/wp-content\/uploads\/2025\/03\/Group-204-1.png 755w, https:\/\/plantaeipmconsulting.com\/es\/wp-content\/uploads\/2025\/03\/Group-204-1-297x300.png 297w\" sizes=\"(max-width: 755px) 100vw, 755px\" \/>\t\t\t\t\t\t\t\t\t\t\t\t\t\t\t<\/div>\n\t\t\t\t<\/div>\n\t\t\t\t\t<\/div>\n\t\t<\/div>\n\t\t\t\t\t<\/div>\n\t\t<\/section>\n\t\t\t\t\t<\/div>\n\t\t<\/div>\n\t\t\t\t\t<\/div>\n\t\t<\/section>\n\t\t\t\t<\/div>\n\t\t","protected":false},"excerpt":{"rendered":"<p>about us our mission PLANTAE IPM is a specialized consulting firm providing integrated pest management (IPM) solutions that optimize plant [&hellip;]<\/p>\n","protected":false},"author":1,"featured_media":0,"parent":0,"menu_order":0,"comment_status":"closed","ping_status":"closed","template":"elementor_header_footer","meta":{"site-sidebar-layout":"no-sidebar","site-content-layout":"","ast-site-content-layout":"full-width-container","site-content-style":"default","site-sidebar-style":"default","ast-global-header-display":"","ast-banner-title-visibility":"","ast-main-header-display":"","ast-hfb-above-header-display":"","ast-hfb-below-header-display":"","ast-hfb-mobile-header-display":"","site-post-title":"disabled","ast-breadcrumbs-content":"","ast-featured-img":"disabled","footer-sml-layout":"","theme-transparent-header-meta":"","adv-header-id-meta":"","stick-header-meta":"","header-above-stick-meta":"","header-main-stick-meta":"","header-below-stick-meta":"","astra-migrate-meta-layouts":"default","ast-page-background-enabled":"default","ast-page-background-meta":{"desktop":{"background-color":"var(--ast-global-color-5)","background-image":"","background-repeat":"repeat","background-position":"center center","background-size":"auto","background-attachment":"scroll","background-type":"","background-media":"","overlay-type":"","overlay-color":"","overlay-opacity":"","overlay-gradient":""},"tablet":{"background-color":"","background-image":"","background-repeat":"repeat","background-position":"center center","background-size":"auto","background-attachment":"scroll","background-type":"","background-media":"","overlay-type":"","overlay-color":"","overlay-opacity":"","overlay-gradient":""},"mobile":{"background-color":"","background-image":"","background-repeat":"repeat","background-position":"center center","background-size":"auto","background-attachment":"scroll","background-type":"","background-media":"","overlay-type":"","overlay-color":"","overlay-opacity":"","overlay-gradient":""}},"ast-content-background-meta":{"desktop":{"background-color":"var(--ast-global-color-4)","background-image":"","background-repeat":"repeat","background-position":"center center","background-size":"auto","background-attachment":"scroll","background-type":"","background-media":"","overlay-type":"","overlay-color":"","overlay-opacity":"","overlay-gradient":""},"tablet":{"background-color":"var(--ast-global-color-4)","background-image":"","background-repeat":"repeat","background-position":"center center","background-size":"auto","background-attachment":"scroll","background-type":"","background-media":"","overlay-type":"","overlay-color":"","overlay-opacity":"","overlay-gradient":""},"mobile":{"background-color":"var(--ast-global-color-4)","background-image":"","background-repeat":"repeat","background-position":"center center","background-size":"auto","background-attachment":"scroll","background-type":"","background-media":"","overlay-type":"","overlay-color":"","overlay-opacity":"","overlay-gradient":""}},"footnotes":""},"class_list":["post-154","page","type-page","status-publish","hentry"],"_links":{"self":[{"href":"https:\/\/plantaeipmconsulting.com\/es\/wp-json\/wp\/v2\/pages\/154","targetHints":{"allow":["GET"]}}],"collection":[{"href":"https:\/\/plantaeipmconsulting.com\/es\/wp-json\/wp\/v2\/pages"}],"about":[{"href":"https:\/\/plantaeipmconsulting.com\/es\/wp-json\/wp\/v2\/types\/page"}],"author":[{"embeddable":true,"href":"https:\/\/plantaeipmconsulting.com\/es\/wp-json\/wp\/v2\/users\/1"}],"replies":[{"embeddable":true,"href":"https:\/\/plantaeipmconsulting.com\/es\/wp-json\/wp\/v2\/comments?post=154"}],"version-history":[{"count":178,"href":"https:\/\/plantaeipmconsulting.com\/es\/wp-json\/wp\/v2\/pages\/154\/revisions"}],"predecessor-version":[{"id":1006,"href":"https:\/\/plantaeipmconsulting.com\/es\/wp-json\/wp\/v2\/pages\/154\/revisions\/1006"}],"wp:attachment":[{"href":"https:\/\/plantaeipmconsulting.com\/es\/wp-json\/wp\/v2\/media?parent=154"}],"curies":[{"name":"wp","href":"https:\/\/api.w.org\/{rel}","templated":true}]}}